{"id":2668,"date":"2024-09-30T08:44:52","date_gmt":"2024-09-30T07:44:52","guid":{"rendered":"https:\/\/www.a-giga.cz\/?page_id=2668"},"modified":"2024-09-30T09:19:17","modified_gmt":"2024-09-30T08:19:17","slug":"nase-call-centra","status":"publish","type":"page","link":"http:\/\/www.a-giga.cz\/?page_id=2668","title":{"rendered":"Na\u0161e Call Centra"},"content":{"rendered":"<div class=\"l-subsection\"><div class=\"l-subsection-h\"><div class=\"l-subsection-hh g-html i-cf\">\n<p><h1>Na\u0161e Call Centra<\/h1><\/p>\n\n\n\n<ul class=\"wp-block-list\"><li><h3>Call Centrum V\u011bznice Vina\u0159ice<\/h3><\/li><\/ul>\n\n\n\n<figure class=\"wp-block-image size-large\"><a ref=\"magnificPopup\" href=\"http:\/\/www.a-giga.cz\/wp-content\/uploads\/2024\/09\/CC-VINAR\u030cICE-I.-scaled.jpg\"><img loading=\"lazy\" decoding=\"async\" width=\"1024\" height=\"768\" src=\"http:\/\/www.a-giga.cz\/wp-content\/uploads\/2024\/09\/CC-VINAR\u030cICE-I.-1024x768.jpg\" alt=\"\" class=\"wp-image-2669\" srcset=\"http:\/\/www.a-giga.cz\/wp-content\/uploads\/2024\/09\/CC-VINAR\u030cICE-I.-1024x768.jpg 1024w, http:\/\/www.a-giga.cz\/wp-content\/uploads\/2024\/09\/CC-VINAR\u030cICE-I.-300x225.jpg 300w, http:\/\/www.a-giga.cz\/wp-content\/uploads\/2024\/09\/CC-VINAR\u030cICE-I.-768x576.jpg 768w, http:\/\/www.a-giga.cz\/wp-content\/uploads\/2024\/09\/CC-VINAR\u030cICE-I.-1536x1152.jpg 1536w, http:\/\/www.a-giga.cz\/wp-content\/uploads\/2024\/09\/CC-VINAR\u030cICE-I.-2048x1536.jpg 2048w, http:\/\/www.a-giga.cz\/wp-content\/uploads\/2024\/09\/CC-VINAR\u030cICE-I.-187x140.jpg 187w\" sizes=\"auto, (max-width: 1024px) 100vw, 1024px\" \/><\/a><\/figure>\n\n\n\n<ul class=\"wp-block-list\" type=\"1\"><li><h3>Call centrum V\u011bznice Ku\u0159im<\/h3><\/li><\/ul>\n\n\n\n<figure class=\"wp-block-image size-large\"><a ref=\"magnificPopup\" href=\"http:\/\/www.a-giga.cz\/wp-content\/uploads\/2024\/09\/IMG-20220903-WA0003.jpg\"><img loading=\"lazy\" decoding=\"async\" width=\"1024\" height=\"768\" src=\"http:\/\/www.a-giga.cz\/wp-content\/uploads\/2024\/09\/IMG-20220903-WA0003-1024x768.jpg\" alt=\"\" class=\"wp-image-2671\" srcset=\"http:\/\/www.a-giga.cz\/wp-content\/uploads\/2024\/09\/IMG-20220903-WA0003-1024x768.jpg 1024w, http:\/\/www.a-giga.cz\/wp-content\/uploads\/2024\/09\/IMG-20220903-WA0003-300x225.jpg 300w, http:\/\/www.a-giga.cz\/wp-content\/uploads\/2024\/09\/IMG-20220903-WA0003-768x576.jpg 768w, http:\/\/www.a-giga.cz\/wp-content\/uploads\/2024\/09\/IMG-20220903-WA0003-1536x1152.jpg 1536w, http:\/\/www.a-giga.cz\/wp-content\/uploads\/2024\/09\/IMG-20220903-WA0003-187x140.jpg 187w, http:\/\/www.a-giga.cz\/wp-content\/uploads\/2024\/09\/IMG-20220903-WA0003.jpg 2016w\" sizes=\"auto, (max-width: 1024px) 100vw, 1024px\" \/><\/a><\/figure>\n\n\n\n<ul class=\"wp-block-list\" type=\"1\"><li><h3>Call centrum Sv\u011btl\u00e1 nad S\u00e1zavou<\/h3><\/li><\/ul>\n\n\n\n<figure class=\"wp-block-image size-large\"><a ref=\"magnificPopup\" href=\"http:\/\/www.a-giga.cz\/wp-content\/uploads\/2024\/09\/20240725_133609.jpg\"><img loading=\"lazy\" decoding=\"async\" width=\"1024\" height=\"768\" src=\"http:\/\/www.a-giga.cz\/wp-content\/uploads\/2024\/09\/20240725_133609-1024x768.jpg\" alt=\"\" class=\"wp-image-2672\" srcset=\"http:\/\/www.a-giga.cz\/wp-content\/uploads\/2024\/09\/20240725_133609-1024x768.jpg 1024w, http:\/\/www.a-giga.cz\/wp-content\/uploads\/2024\/09\/20240725_133609-300x225.jpg 300w, http:\/\/www.a-giga.cz\/wp-content\/uploads\/2024\/09\/20240725_133609-768x576.jpg 768w, http:\/\/www.a-giga.cz\/wp-content\/uploads\/2024\/09\/20240725_133609-1536x1152.jpg 1536w, http:\/\/www.a-giga.cz\/wp-content\/uploads\/2024\/09\/20240725_133609-187x140.jpg 187w, http:\/\/www.a-giga.cz\/wp-content\/uploads\/2024\/09\/20240725_133609.jpg 2000w\" sizes=\"auto, (max-width: 1024px) 100vw, 1024px\" \/><\/a><\/figure>\n<\/div><\/div><\/div>","protected":false},"excerpt":{"rendered":"<p>Na\u0161e Call Centra Call Centrum V\u011bznice Vina\u0159ice Call centrum V\u011bznice Ku\u0159im Call centrum Sv\u011btl\u00e1 nad S\u00e1zavou<\/p>\n","protected":false},"author":1,"featured_media":2672,"parent":0,"menu_order":0,"comment_status":"closed","ping_status":"closed","template":"","meta":{"footnotes":""},"class_list":["post-2668","page","type-page","status-publish","has-post-thumbnail","hentry"],"_links":{"self":[{"href":"http:\/\/www.a-giga.cz\/index.php?rest_route=\/wp\/v2\/pages\/2668","targetHints":{"allow":["GET"]}}],"collection":[{"href":"http:\/\/www.a-giga.cz\/index.php?rest_route=\/wp\/v2\/pages"}],"about":[{"href":"http:\/\/www.a-giga.cz\/index.php?rest_route=\/wp\/v2\/types\/page"}],"author":[{"embeddable":true,"href":"http:\/\/www.a-giga.cz\/index.php?rest_route=\/wp\/v2\/users\/1"}],"replies":[{"embeddable":true,"href":"http:\/\/www.a-giga.cz\/index.php?rest_route=%2Fwp%2Fv2%2Fcomments&post=2668"}],"version-history":[{"count":9,"href":"http:\/\/www.a-giga.cz\/index.php?rest_route=\/wp\/v2\/pages\/2668\/revisions"}],"predecessor-version":[{"id":2682,"href":"http:\/\/www.a-giga.cz\/index.php?rest_route=\/wp\/v2\/pages\/2668\/revisions\/2682"}],"wp:featuredmedia":[{"embeddable":true,"href":"http:\/\/www.a-giga.cz\/index.php?rest_route=\/wp\/v2\/media\/2672"}],"wp:attachment":[{"href":"http:\/\/www.a-giga.cz\/index.php?rest_route=%2Fwp%2Fv2%2Fmedia&parent=2668"}],"curies":[{"name":"wp","href":"https:\/\/api.w.org\/{rel}","templated":true}]}}