{"id":2452,"date":"2018-06-15T05:46:14","date_gmt":"2018-06-15T04:46:14","guid":{"rendered":"http:\/\/www.a-giga.cz\/?page_id=2452"},"modified":"2018-07-03T19:33:34","modified_gmt":"2018-07-03T18:33:34","slug":"vystoupili-jsme-v-projektu-t-mobile-pomahame","status":"publish","type":"page","link":"http:\/\/www.a-giga.cz\/?page_id=2452","title":{"rendered":"Vystoupili jsme v projektu T-Mobile Pom\u00e1h\u00e1me"},"content":{"rendered":"<div class=\"l-subsection\"><div class=\"l-subsection-h\"><div class=\"l-subsection-hh g-html i-cf\"><h1>Vystoupili jsme v projektu T-Mobile Pom\u00e1h\u00e1me<\/h1>\n<p>V r\u00e1mci projektu T-Mobile Pom\u00e1h\u00e1me jsme se \u00fa\u010dastnili akce pod n\u00e1zvem U\u010d\u00edc\u00ed se spole\u010dnost. Jednalo se o neform\u00e1ln\u00ed ve\u010der T-Mobile zam\u011b\u0159en\u00fd na spole\u010denskou odpov\u011bdnost, kter\u00fd si nenechalo uj\u00edt p\u0159es 70 \u00fa\u010dastn\u00edk\u016f z neziskovek, firem, m\u00e9di\u00ed i st\u00e1tn\u00ed spr\u00e1vy. P\u0159edn\u00e1\u0161ej\u00edc\u00ed p\u0159edstavili hned n\u011bkolik skv\u011bl\u00fdch projekt\u016f \u2013 revolu\u010dn\u00ed program pro budouc\u00ed kantory, \u00fasp\u011b\u0161nou rekvalifikaci horn\u00edk\u016f na program\u00e1tory, funguj\u00edc\u00ed soci\u00e1ln\u00ed podnik zam\u011bstn\u00e1vaj\u00edc\u00ed v\u011bzn\u011b i s\u00e9rii \u0161kolen\u00ed pro seniory, kte\u0159\u00ed maj\u00ed je\u0161t\u011b chu\u0165 do \u017eivota. V\u011bnovali jsme se i d\u016fle\u017eitosti firemn\u00edho vzd\u011bl\u00e1v\u00e1n\u00ed a \u017eiv\u011b se diskutovalo o zam\u011bstn\u00e1v\u00e1n\u00ed maminek po mate\u0159sk\u00e9 a rodi\u010dovsk\u00e9 dovolen\u00e9 a uplatn\u011bn\u00ed lid\u00ed ve v\u011bku nad 50 let. Na akci vystoupila i jednatelka spole\u010dnosti A-Giga s.r.o, pan\u00ed V\u011bra Babi\u0161ov\u00e1.<\/p>\n<p><img loading=\"lazy\" decoding=\"async\" class=\"aligncenter wp-image-2466 size-full\" src=\"http:\/\/www.a-giga.cz\/wp-content\/uploads\/2018\/07\/35294971_887670304745980_5898369585068900352_o.jpg\" alt=\"\" width=\"500\" height=\"322\" srcset=\"http:\/\/www.a-giga.cz\/wp-content\/uploads\/2018\/07\/35294971_887670304745980_5898369585068900352_o.jpg 500w, http:\/\/www.a-giga.cz\/wp-content\/uploads\/2018\/07\/35294971_887670304745980_5898369585068900352_o-300x193.jpg 300w, http:\/\/www.a-giga.cz\/wp-content\/uploads\/2018\/07\/35294971_887670304745980_5898369585068900352_o-200x129.jpg 200w\" sizes=\"auto, (max-width: 500px) 100vw, 500px\" \/><\/p>\n<\/div><\/div><\/div>","protected":false},"excerpt":{"rendered":"<p>Vystoupili jsme v projektu T-Mobile Pom\u00e1h\u00e1me V r\u00e1mci projektu T-Mobile Pom\u00e1h\u00e1me jsme se \u00fa\u010dastnili akce pod n\u00e1zvem U\u010d\u00edc\u00ed se spole\u010dnost. Jednalo se o neform\u00e1ln\u00ed ve\u010der T-Mobile zam\u011b\u0159en\u00fd na spole\u010denskou odpov\u011bdnost, kter\u00fd si nenechalo uj\u00edt p\u0159es 70 \u00fa\u010dastn\u00edk\u016f z neziskovek, firem, m\u00e9di\u00ed i st\u00e1tn\u00ed spr\u00e1vy. P\u0159edn\u00e1\u0161ej\u00edc\u00ed p\u0159edstavili hned n\u011bkolik skv\u011bl\u00fdch projekt\u016f \u2013 revolu\u010dn\u00ed program pro budouc\u00ed kantory, \u00fasp\u011b\u0161nou rekvalifikaci horn\u00edk\u016f na program\u00e1tory, funguj\u00edc\u00ed soci\u00e1ln\u00ed podnik zam\u011bstn\u00e1vaj\u00edc\u00ed v\u011bzn\u011b i s\u00e9rii \u0161kolen\u00ed pro seniory, kte\u0159\u00ed maj\u00ed je\u0161t\u011b chu\u0165 do \u017eivota. V\u011bnovali jsme se i d\u016fle\u017eitosti firemn\u00edho vzd\u011bl\u00e1v\u00e1n\u00ed a \u017eiv\u011b se diskutovalo o zam\u011bstn\u00e1v\u00e1n\u00ed maminek po mate\u0159sk\u00e9 a rodi\u010dovsk\u00e9 dovolen\u00e9 a uplatn\u011bn\u00ed lid\u00ed ve v\u011bku nad 50 let. Na akci vystoupila i jednatelka spole\u010dnosti A-Giga s.r.o, pan\u00ed V\u011bra Babi\u0161ov\u00e1.<\/p>\n","protected":false},"author":1,"featured_media":2466,"parent":0,"menu_order":0,"comment_status":"closed","ping_status":"closed","template":"","meta":{"footnotes":""},"class_list":["post-2452","page","type-page","status-publish","has-post-thumbnail","hentry"],"_links":{"self":[{"href":"http:\/\/www.a-giga.cz\/index.php?rest_route=\/wp\/v2\/pages\/2452","targetHints":{"allow":["GET"]}}],"collection":[{"href":"http:\/\/www.a-giga.cz\/index.php?rest_route=\/wp\/v2\/pages"}],"about":[{"href":"http:\/\/www.a-giga.cz\/index.php?rest_route=\/wp\/v2\/types\/page"}],"author":[{"embeddable":true,"href":"http:\/\/www.a-giga.cz\/index.php?rest_route=\/wp\/v2\/users\/1"}],"replies":[{"embeddable":true,"href":"http:\/\/www.a-giga.cz\/index.php?rest_route=%2Fwp%2Fv2%2Fcomments&post=2452"}],"version-history":[{"count":7,"href":"http:\/\/www.a-giga.cz\/index.php?rest_route=\/wp\/v2\/pages\/2452\/revisions"}],"predecessor-version":[{"id":2467,"href":"http:\/\/www.a-giga.cz\/index.php?rest_route=\/wp\/v2\/pages\/2452\/revisions\/2467"}],"wp:featuredmedia":[{"embeddable":true,"href":"http:\/\/www.a-giga.cz\/index.php?rest_route=\/wp\/v2\/media\/2466"}],"wp:attachment":[{"href":"http:\/\/www.a-giga.cz\/index.php?rest_route=%2Fwp%2Fv2%2Fmedia&parent=2452"}],"curies":[{"name":"wp","href":"https:\/\/api.w.org\/{rel}","templated":true}]}}