{"id":2363,"date":"2017-10-02T09:05:46","date_gmt":"2017-10-02T08:05:46","guid":{"rendered":"http:\/\/www.a-giga.cz\/?page_id=2363"},"modified":"2017-12-31T09:14:36","modified_gmt":"2017-12-31T08:14:36","slug":"zari-bylo-mesicem-plnym-motivace","status":"publish","type":"page","link":"http:\/\/www.a-giga.cz\/?page_id=2363","title":{"rendered":"Z\u00e1\u0159\u00ed bylo m\u011bs\u00edcem pln\u00fdm motivace"},"content":{"rendered":"<div class=\"l-subsection\"><div class=\"l-subsection-h\"><div class=\"l-subsection-hh g-html i-cf\"><h1>Z\u00e1\u0159\u00ed bylo m\u011bs\u00edcem pln\u00fdm motivace<\/h1>\n<p>Nejd\u0159\u00edve jsme na call centru v Lounech m\u011bli sout\u011b\u017e v podob\u011b deskov\u00e9 hry, ve kter\u00e9 si oper\u00e1to\u0159i mohli hodit kostkou za ka\u017edou \u00fasp\u011b\u0161nou objedn\u00e1vku. V hern\u00edm pl\u00e1nu pak byly drobn\u00e9 odm\u011bny a prvn\u00ed v c\u00edli byla Alena, kter\u00e1 vyhr\u00e1la hlavn\u00ed cenu, kterou byl relaxa\u010dn\u00ed pobyt v \u010cR.<\/p>\n<p>M\u011bs\u00edc sout\u011b\u017e\u00ed byl zakon\u010den motiva\u010dn\u00ed sout\u011b\u017e\u00ed, kdy oper\u00e1to\u0159i z\u00edsk\u00e1vali l\u00edstek do tomboly. N\u00e1sledn\u011b prob\u011bhlo slosov\u00e1n\u00ed o v\u011bcn\u00e9 ceny, kdy hlavn\u00ed cenou byl voucher na ro\u010dn\u00ed vyu\u017e\u00edv\u00e1n\u00ed slu\u017eby O2 TV &#8222;L&#8220;. A v\u00edt\u011bzem se stala na\u0161e Jani\u010dka.<\/p>\n<p>Je\u0161t\u011b jednou moc gratulujeme!<\/p>\n<p style=\"text-align: center;\"><div class=\"w-gallery type_slider\">\r\n                        <div class=\"w-gallery-h\">\r\n                            <div class=\"w-gallery-main\">\r\n                                <div class=\"w-gallery-main-h flexslider flex-loading\">\r\n                                    <ul class=\"slides\">\r\n                                        \n<li><img decoding=\"async\" src=\"http:\/\/www.a-giga.cz\/wp-content\/uploads\/2017\/10\/1.jpg\" alt=\"\"><\/li>\n<li><img decoding=\"async\" src=\"http:\/\/www.a-giga.cz\/wp-content\/uploads\/2017\/10\/2.jpg\" alt=\"\"><\/li>\n<li><img decoding=\"async\" src=\"http:\/\/www.a-giga.cz\/wp-content\/uploads\/2017\/10\/3.jpg\" alt=\"\"><\/li>\n<li><img decoding=\"async\" src=\"http:\/\/www.a-giga.cz\/wp-content\/uploads\/2017\/10\/4.jpg\" alt=\"\"><\/li>\n\r\n                                    <\/ul>\r\n                                <\/div>\r\n                            <\/div>\r\n                        <\/div>\r\n                    <\/div>\n<\/div><\/div><\/div>","protected":false},"excerpt":{"rendered":"<p>Z\u00e1\u0159\u00ed bylo m\u011bs\u00edcem pln\u00fdm motivace Nejd\u0159\u00edve jsme na call centru v Lounech m\u011bli sout\u011b\u017e v podob\u011b deskov\u00e9 hry, ve kter\u00e9 si oper\u00e1to\u0159i mohli hodit kostkou za ka\u017edou \u00fasp\u011b\u0161nou objedn\u00e1vku. V hern\u00edm pl\u00e1nu pak byly drobn\u00e9 odm\u011bny a prvn\u00ed v c\u00edli byla Alena, kter\u00e1 vyhr\u00e1la hlavn\u00ed cenu, kterou byl relaxa\u010dn\u00ed pobyt v \u010cR. M\u011bs\u00edc sout\u011b\u017e\u00ed byl zakon\u010den motiva\u010dn\u00ed sout\u011b\u017e\u00ed, kdy oper\u00e1to\u0159i z\u00edsk\u00e1vali l\u00edstek do tomboly. N\u00e1sledn\u011b prob\u011bhlo slosov\u00e1n\u00ed o v\u011bcn\u00e9 ceny, kdy hlavn\u00ed cenou byl voucher na ro\u010dn\u00ed vyu\u017e\u00edv\u00e1n\u00ed slu\u017eby O2 TV &#8222;L&#8220;. A v\u00edt\u011bzem se stala na\u0161e Jani\u010dka. Je\u0161t\u011b jednou moc gratulujeme!<\/p>\n","protected":false},"author":1,"featured_media":0,"parent":0,"menu_order":0,"comment_status":"closed","ping_status":"closed","template":"","meta":{"footnotes":""},"class_list":["post-2363","page","type-page","status-publish","hentry"],"_links":{"self":[{"href":"http:\/\/www.a-giga.cz\/index.php?rest_route=\/wp\/v2\/pages\/2363","targetHints":{"allow":["GET"]}}],"collection":[{"href":"http:\/\/www.a-giga.cz\/index.php?rest_route=\/wp\/v2\/pages"}],"about":[{"href":"http:\/\/www.a-giga.cz\/index.php?rest_route=\/wp\/v2\/types\/page"}],"author":[{"embeddable":true,"href":"http:\/\/www.a-giga.cz\/index.php?rest_route=\/wp\/v2\/users\/1"}],"replies":[{"embeddable":true,"href":"http:\/\/www.a-giga.cz\/index.php?rest_route=%2Fwp%2Fv2%2Fcomments&post=2363"}],"version-history":[{"count":5,"href":"http:\/\/www.a-giga.cz\/index.php?rest_route=\/wp\/v2\/pages\/2363\/revisions"}],"predecessor-version":[{"id":2367,"href":"http:\/\/www.a-giga.cz\/index.php?rest_route=\/wp\/v2\/pages\/2363\/revisions\/2367"}],"wp:attachment":[{"href":"http:\/\/www.a-giga.cz\/index.php?rest_route=%2Fwp%2Fv2%2Fmedia&parent=2363"}],"curies":[{"name":"wp","href":"https:\/\/api.w.org\/{rel}","templated":true}]}}