{"id":2307,"date":"2017-07-03T11:47:27","date_gmt":"2017-07-03T10:47:27","guid":{"rendered":"http:\/\/www.a-giga.cz\/?page_id=2307"},"modified":"2017-07-07T19:34:28","modified_gmt":"2017-07-07T18:34:28","slug":"a-giga-na-yellow-ribbon-run-2017","status":"publish","type":"page","link":"http:\/\/www.a-giga.cz\/?page_id=2307","title":{"rendered":"A-GIGA na Yellow Ribbon Run 2017"},"content":{"rendered":"<div class=\"l-subsection\"><div class=\"l-subsection-h\"><div class=\"l-subsection-hh g-html i-cf\"><h1>A-GIGA na Yellow Ribbon Run 2017<\/h1>\n<p>Ve st\u0159edu jsme se z\u016f\u010dastnili O2 Pra\u017esk\u00e9 \u0161tafety v r\u00e1mci akce Yellow Ribbon Run v Praze na V\u00fdstavi\u0161ti a moc jsme si to u\u017eili!<\/p>\n<p style=\"text-align: center;\"><div class=\"w-gallery type_slider\">\r\n                        <div class=\"w-gallery-h\">\r\n                            <div class=\"w-gallery-main\">\r\n                                <div class=\"w-gallery-main-h flexslider flex-loading\">\r\n                                    <ul class=\"slides\">\r\n                                        \n<li><img decoding=\"async\" src=\"http:\/\/www.a-giga.cz\/wp-content\/uploads\/2017\/07\/1.jpg\" alt=\"\"><\/li>\n<li><img decoding=\"async\" src=\"http:\/\/www.a-giga.cz\/wp-content\/uploads\/2017\/07\/2.jpg\" alt=\"\"><\/li>\n<li><img decoding=\"async\" src=\"http:\/\/www.a-giga.cz\/wp-content\/uploads\/2017\/07\/4.jpg\" alt=\"\"><\/li>\n<li><img decoding=\"async\" src=\"http:\/\/www.a-giga.cz\/wp-content\/uploads\/2017\/07\/5.jpg\" alt=\"\"><\/li>\n\r\n                                    <\/ul>\r\n                                <\/div>\r\n                            <\/div>\r\n                        <\/div>\r\n                    <\/div>\n<\/div><\/div><\/div>","protected":false},"excerpt":{"rendered":"<p>A-GIGA na Yellow Ribbon Run 2017 Ve st\u0159edu jsme se z\u016f\u010dastnili O2 Pra\u017esk\u00e9 \u0161tafety v r\u00e1mci akce Yellow Ribbon Run v Praze na V\u00fdstavi\u0161ti a moc jsme si to u\u017eili!<\/p>\n","protected":false},"author":1,"featured_media":2320,"parent":0,"menu_order":0,"comment_status":"closed","ping_status":"closed","template":"","meta":{"footnotes":""},"class_list":["post-2307","page","type-page","status-publish","has-post-thumbnail","hentry"],"_links":{"self":[{"href":"http:\/\/www.a-giga.cz\/index.php?rest_route=\/wp\/v2\/pages\/2307","targetHints":{"allow":["GET"]}}],"collection":[{"href":"http:\/\/www.a-giga.cz\/index.php?rest_route=\/wp\/v2\/pages"}],"about":[{"href":"http:\/\/www.a-giga.cz\/index.php?rest_route=\/wp\/v2\/types\/page"}],"author":[{"embeddable":true,"href":"http:\/\/www.a-giga.cz\/index.php?rest_route=\/wp\/v2\/users\/1"}],"replies":[{"embeddable":true,"href":"http:\/\/www.a-giga.cz\/index.php?rest_route=%2Fwp%2Fv2%2Fcomments&post=2307"}],"version-history":[{"count":6,"href":"http:\/\/www.a-giga.cz\/index.php?rest_route=\/wp\/v2\/pages\/2307\/revisions"}],"predecessor-version":[{"id":2332,"href":"http:\/\/www.a-giga.cz\/index.php?rest_route=\/wp\/v2\/pages\/2307\/revisions\/2332"}],"wp:featuredmedia":[{"embeddable":true,"href":"http:\/\/www.a-giga.cz\/index.php?rest_route=\/wp\/v2\/media\/2320"}],"wp:attachment":[{"href":"http:\/\/www.a-giga.cz\/index.php?rest_route=%2Fwp%2Fv2%2Fmedia&parent=2307"}],"curies":[{"name":"wp","href":"https:\/\/api.w.org\/{rel}","templated":true}]}}