{"id":2271,"date":"2017-05-07T09:37:57","date_gmt":"2017-05-07T08:37:57","guid":{"rendered":"http:\/\/www.a-giga.cz\/?page_id=2271"},"modified":"2017-05-07T09:42:51","modified_gmt":"2017-05-07T08:42:51","slug":"milan-v-priprave-na-yellow-ribbon-run","status":"publish","type":"page","link":"http:\/\/www.a-giga.cz\/?page_id=2271","title":{"rendered":"Milan v p\u0159\u00edprav\u011b na Yellow Ribbon Run"},"content":{"rendered":"<div class=\"l-subsection\"><div class=\"l-subsection-h\"><div class=\"l-subsection-hh g-html i-cf\"><h1>Milan v p\u0159\u00edprav\u011b na Yellow Ribbon Run<\/h1>\n<p><a ref=\"magnificPopup\" href=\"http:\/\/www.a-giga.cz\/wp-content\/uploads\/2017\/05\/milan.png\"><img loading=\"lazy\" decoding=\"async\" class=\"alignright size-full wp-image-2276\" alt=\"milan\" src=\"http:\/\/www.a-giga.cz\/wp-content\/uploads\/2017\/05\/milan.png\" width=\"400\" height=\"239\" srcset=\"http:\/\/www.a-giga.cz\/wp-content\/uploads\/2017\/05\/milan.png 400w, http:\/\/www.a-giga.cz\/wp-content\/uploads\/2017\/05\/milan-300x179.png 300w, http:\/\/www.a-giga.cz\/wp-content\/uploads\/2017\/05\/milan-200x119.png 200w\" sizes=\"auto, (max-width: 400px) 100vw, 400px\" \/><\/a> Yellow ribbon run aneb B\u011bh se \u017elutou stu\u017ekou poukazuje na probl\u00e9m obt\u00ed\u017en\u00e9 zam\u011bstnatelnosti osob po v\u00fdkonu trestu odn\u011bt\u00ed svobody. Projekt Yellow Ribbon Run pom\u00e1h\u00e1 bo\u0159it p\u0159edsudky a upozor\u0148uje na problematiku zam\u011bstn\u00e1v\u00e1n\u00ed b\u00fdval\u00fdch v\u011bz\u0148\u016f.<br \/>\nV lo\u0148sk\u00e9m roce se Yellow Ribbon Run b\u011b\u017eel v \u010cR v\u016fbec poprv\u00e9 v r\u00e1mci Volkswagen Maratonu Praha. Na tra\u0165 maratonu vyb\u011bhly netradi\u010dn\u00ed \u0161tafety slo\u017een\u00e9 z v\u011bz\u0148\u016f, b\u00fdval\u00fdch vez\u0148\u016f, p\u0159\u00edslu\u0161n\u00edk\u016f v\u011bze\u0148sk\u00e9 slu\u017eby, z\u00e1stupce kancel\u00e1\u0159e ombudsmana a \u0159editel\u016f top firem.<br \/>\nZ\u00e1vodu se z\u00fa\u010dastnili i t\u0159i kolegov\u00e9 z na\u0161eho call centra, tak jsme se jich zeptali, jak se jim z\u00e1vod l\u00edbil a co si z n\u011bho odnesli.<br \/>\nV minul\u00e9m \u010dl\u00e1nku odpov\u00eddal supervizor Richard, a nyn\u00ed jsme se zeptali na p\u0159\u00edpravu oper\u00e1tora Milana. V p\u0159\u00ed\u0161t\u00edm \u010dl\u00e1nku se m\u016f\u017eete t\u011b\u0161it na odpov\u011bdi mana\u017eerky Lenky.<\/p>\n<h3>Milane, jak jsi se dozv\u011bd\u011bl o z\u00e1vodech Yellow Ribbon Run?<\/h3>\n<p>Od m\u00fdch koleg\u016f v A-Giga. Z\u00e1vod se b\u011b\u017e\u00ed formou \u0161tafety, pro kterou bylo pot\u0159eba sestavit t\u00fdm a tak se informace o z\u00e1vod\u011b rychle \u0161\u00ed\u0159ila po cel\u00e9m call centru.<\/p>\n<h3>Je to tv\u016fj prvn\u00ed z\u00e1vod?<\/h3>\n<p>Ne, loni jsem se Yellow Ribbon Run z\u00fa\u010dasnil poprv\u00e9, letos jej pob\u011b\u017e\u00edm znovu. U\u017e se t\u011b\u0161\u00edm!<\/p>\n<h3>Pro\u010d se \u00fa\u010dastn\u00ed\u0161 Yellow Ribbon Run z\u00e1vodu?<\/h3>\n<p>L\u00edb\u00ed se mi my\u0161lenka cel\u00e9ho z\u00e1vodu, pro kterou se b\u011b\u017e\u00ed. M\u016f\u017ee to pomoci roz\u0161\u00ed\u0159it pov\u011bdom\u00ed o dan\u00e9 problematice a t\u00edm n\u00e1sledn\u011b odsouzen\u00fdm po v\u00fdstupu z v\u011bzen\u00ed k z\u00edsk\u00e1n\u00ed zam\u011bstn\u00e1n\u00ed.<\/p>\n<h3>Co je tvou motivac\u00ed v \u00fa\u010dasti v z\u00e1vodu Yellow Ribbon Run?<\/h3>\n<p>Za prv\u00e9 r\u00e1d sportuji a za druh\u00e9 jsem je\u0161t\u011b nikdy neub\u011bhnul 42 km, tak\u017ee je chci ub\u011bhnout!<\/p>\n<h3>Stala se ti p\u0159i tr\u00e9ninku n\u011bjak\u00e1 vesel\u00e1 p\u0159\u00edhoda?<\/h3>\n<p>Moje p\u0159\u00edtelkyn\u011b jezd\u00ed na kole a j\u00e1 vedle n\u00ed b\u011bh\u00e1m. To mi p\u0159ijde komick\u00e9.<\/p>\n<h3>Jak se p\u0159ipravuje\u0161 na z\u00e1vod?<\/h3>\n<p>B\u011bh\u00e1m hlavn\u011b o v\u00edkendu, kdy na to m\u00e1m v\u00edce \u010dasu a energie. A tak\u00e9 na spole\u010dn\u00fdch tr\u00e9ninc\u00edch.<\/p>\n<h3>Co pro tebe znamen\u00e1\/symbolizuje Yellow Ribbon Run?<\/h3>\n<p>Mysl\u00edm si, \u017ee je d\u016fle\u017eit\u00e9 pomoci otev\u0159\u00edt o\u010di odsouzen\u00fdm a poskytnout jim nad\u011bji. Aby v\u011bd\u011bli, \u017ee i p\u0159esto, jak je to pro n\u011b t\u011b\u017ek\u00e9, d\u00e1 se to zvl\u00e1dnout.<\/p>\n<h3>Co bys vzk\u00e1zal ostatn\u00edm b\u011b\u017ec\u016fm a n\u00e1v\u0161t\u011bvn\u00edk\u016fm z\u00e1vodu?<\/h3>\n<p>A\u0165 se p\u0159ihl\u00e1s\u00ed co nejv\u00edce lid\u00ed! Je to \u00fa\u017easn\u00e1 atmosf\u00e9ra a je\u0161t\u011b lep\u0161\u00ed pocit, loni se mi cht\u011blo i bre\u010det\u2026<\/p>\n<\/div><\/div><\/div>","protected":false},"excerpt":{"rendered":"<p>Milan v p\u0159\u00edprav\u011b na Yellow Ribbon Run Yellow ribbon run aneb B\u011bh se \u017elutou stu\u017ekou poukazuje na probl\u00e9m obt\u00ed\u017en\u00e9 zam\u011bstnatelnosti osob po v\u00fdkonu trestu odn\u011bt\u00ed svobody. Projekt Yellow Ribbon Run pom\u00e1h\u00e1 bo\u0159it p\u0159edsudky a upozor\u0148uje na problematiku zam\u011bstn\u00e1v\u00e1n\u00ed b\u00fdval\u00fdch v\u011bz\u0148\u016f. V lo\u0148sk\u00e9m roce se Yellow Ribbon Run b\u011b\u017eel v \u010cR v\u016fbec poprv\u00e9 v r\u00e1mci Volkswagen Maratonu Praha. Na tra\u0165 maratonu vyb\u011bhly netradi\u010dn\u00ed \u0161tafety slo\u017een\u00e9 z v\u011bz\u0148\u016f, b\u00fdval\u00fdch vez\u0148\u016f, p\u0159\u00edslu\u0161n\u00edk\u016f v\u011bze\u0148sk\u00e9 slu\u017eby, z\u00e1stupce kancel\u00e1\u0159e ombudsmana a \u0159editel\u016f top firem. Z\u00e1vodu se z\u00fa\u010dastnili i t\u0159i kolegov\u00e9 z na\u0161eho call centra, tak jsme se jich zeptali, jak se jim z\u00e1vod l\u00edbil a co si z n\u011bho odnesli. V minul\u00e9m \u010dl\u00e1nku odpov\u00eddal supervizor Richard, a nyn\u00ed jsme se zeptali na p\u0159\u00edpravu oper\u00e1tora Milana. V p\u0159\u00ed\u0161t\u00edm \u010dl\u00e1nku se m\u016f\u017eete t\u011b\u0161it na odpov\u011bdi mana\u017eerky Lenky. Milane, jak jsi se dozv\u011bd\u011bl o z\u00e1vodech Yellow Ribbon Run? Od m\u00fdch koleg\u016f v A-Giga. Z\u00e1vod se b\u011b\u017e\u00ed formou \u0161tafety, pro kterou bylo pot\u0159eba sestavit t\u00fdm a tak se informace o z\u00e1vod\u011b rychle \u0161\u00ed\u0159ila po cel\u00e9m call centru. Je to tv\u016fj prvn\u00ed z\u00e1vod? Ne, loni jsem se Yellow Ribbon Run z\u00fa\u010dasnil poprv\u00e9, letos jej pob\u011b\u017e\u00edm znovu. U\u017e se t\u011b\u0161\u00edm! Pro\u010d se \u00fa\u010dastn\u00ed\u0161 Yellow Ribbon Run z\u00e1vodu? L\u00edb\u00ed se mi my\u0161lenka cel\u00e9ho z\u00e1vodu, pro kterou se b\u011b\u017e\u00ed. M\u016f\u017ee to pomoci roz\u0161\u00ed\u0159it pov\u011bdom\u00ed o dan\u00e9 problematice a t\u00edm n\u00e1sledn\u011b odsouzen\u00fdm po v\u00fdstupu z v\u011bzen\u00ed k z\u00edsk\u00e1n\u00ed zam\u011bstn\u00e1n\u00ed. Co je tvou motivac\u00ed v \u00fa\u010dasti v z\u00e1vodu Yellow Ribbon Run? Za prv\u00e9 r\u00e1d sportuji a za druh\u00e9 jsem je\u0161t\u011b nikdy neub\u011bhnul 42 km, tak\u017ee je chci ub\u011bhnout! Stala se ti p\u0159i tr\u00e9ninku n\u011bjak\u00e1 vesel\u00e1 p\u0159\u00edhoda? Moje p\u0159\u00edtelkyn\u011b jezd\u00ed na kole a j\u00e1 vedle n\u00ed b\u011bh\u00e1m. To mi p\u0159ijde komick\u00e9. Jak se p\u0159ipravuje\u0161 na z\u00e1vod? B\u011bh\u00e1m hlavn\u011b o v\u00edkendu, kdy na to m\u00e1m v\u00edce \u010dasu a energie. A tak\u00e9 na spole\u010dn\u00fdch tr\u00e9ninc\u00edch. Co pro tebe znamen\u00e1\/symbolizuje Yellow Ribbon Run? Mysl\u00edm si, \u017ee je d\u016fle\u017eit\u00e9 pomoci otev\u0159\u00edt o\u010di odsouzen\u00fdm a poskytnout jim nad\u011bji. Aby v\u011bd\u011bli, \u017ee i p\u0159esto, jak je to pro n\u011b t\u011b\u017ek\u00e9, d\u00e1 se to zvl\u00e1dnout. Co bys vzk\u00e1zal ostatn\u00edm b\u011b\u017ec\u016fm a n\u00e1v\u0161t\u011bvn\u00edk\u016fm z\u00e1vodu? A\u0165 se p\u0159ihl\u00e1s\u00ed co nejv\u00edce lid\u00ed! Je to \u00fa\u017easn\u00e1 atmosf\u00e9ra a je\u0161t\u011b lep\u0161\u00ed pocit, loni se mi cht\u011blo i bre\u010det\u2026<\/p>\n","protected":false},"author":1,"featured_media":0,"parent":0,"menu_order":0,"comment_status":"closed","ping_status":"open","template":"","meta":{"footnotes":""},"class_list":["post-2271","page","type-page","status-publish","hentry"],"_links":{"self":[{"href":"http:\/\/www.a-giga.cz\/index.php?rest_route=\/wp\/v2\/pages\/2271","targetHints":{"allow":["GET"]}}],"collection":[{"href":"http:\/\/www.a-giga.cz\/index.php?rest_route=\/wp\/v2\/pages"}],"about":[{"href":"http:\/\/www.a-giga.cz\/index.php?rest_route=\/wp\/v2\/types\/page"}],"author":[{"embeddable":true,"href":"http:\/\/www.a-giga.cz\/index.php?rest_route=\/wp\/v2\/users\/1"}],"replies":[{"embeddable":true,"href":"http:\/\/www.a-giga.cz\/index.php?rest_route=%2Fwp%2Fv2%2Fcomments&post=2271"}],"version-history":[{"count":5,"href":"http:\/\/www.a-giga.cz\/index.php?rest_route=\/wp\/v2\/pages\/2271\/revisions"}],"predecessor-version":[{"id":2278,"href":"http:\/\/www.a-giga.cz\/index.php?rest_route=\/wp\/v2\/pages\/2271\/revisions\/2278"}],"wp:attachment":[{"href":"http:\/\/www.a-giga.cz\/index.php?rest_route=%2Fwp%2Fv2%2Fmedia&parent=2271"}],"curies":[{"name":"wp","href":"https:\/\/api.w.org\/{rel}","templated":true}]}}