{"id":2250,"date":"2017-04-17T12:26:14","date_gmt":"2017-04-17T11:26:14","guid":{"rendered":"http:\/\/www.a-giga.cz\/?page_id=2250"},"modified":"2017-07-03T06:24:47","modified_gmt":"2017-07-03T05:24:47","slug":"agiga-v-priprave-na-yellow-ribbon-run","status":"publish","type":"page","link":"http:\/\/www.a-giga.cz\/?page_id=2250","title":{"rendered":"Richard v p\u0159\u00edprav\u011b na Yellow Ribbon Run"},"content":{"rendered":"<div class=\"l-subsection\"><div class=\"l-subsection-h\"><div class=\"l-subsection-hh g-html i-cf\"><h1>Richard v p\u0159\u00edprav\u011b na Yellow Ribbon Run<\/h1>\n<p><a ref=\"magnificPopup\" href=\"http:\/\/www.a-giga.cz\/wp-content\/uploads\/2017\/04\/richard.jpg\"><img loading=\"lazy\" decoding=\"async\" class=\"alignright size-full wp-image-2263\" src=\"http:\/\/www.a-giga.cz\/wp-content\/uploads\/2017\/04\/richard.jpg\" alt=\"richard\" width=\"400\" height=\"520\" srcset=\"http:\/\/www.a-giga.cz\/wp-content\/uploads\/2017\/04\/richard.jpg 400w, http:\/\/www.a-giga.cz\/wp-content\/uploads\/2017\/04\/richard-230x300.jpg 230w, http:\/\/www.a-giga.cz\/wp-content\/uploads\/2017\/04\/richard-107x140.jpg 107w\" sizes=\"auto, (max-width: 400px) 100vw, 400px\" \/><\/a>Yellow ribbon run aneb B\u011bh se \u017elutou stu\u017ekou poukazuje na probl\u00e9m obt\u00ed\u017en\u00e9 zam\u011bstnatelnosti osob po v\u00fdkonu trestu odn\u011bt\u00ed svobody. Projekt Yellow Ribbon Run pom\u00e1h\u00e1 bo\u0159it p\u0159edsudky a upozor\u0148uje na problematiku zam\u011bstn\u00e1v\u00e1n\u00ed b\u00fdval\u00fdch v\u011bz\u0148\u016f.<br \/>\nV lo\u0148sk\u00e9m roce se Yellow Ribbon Run b\u011b\u017eel v \u010cR v\u016fbec poprv\u00e9 v r\u00e1mci Volkswagen Maratonu Praha. Na tra\u0165 maratonu vyb\u011bhly netradi\u010dn\u00ed \u0161tafety slo\u017een\u00e9 z v\u011bz\u0148\u016f, b\u00fdval\u00fdch vez\u0148\u016f, p\u0159\u00edslu\u0161n\u00edk\u016f v\u011bze\u0148sk\u00e9 slu\u017eby, z\u00e1stupce kancel\u00e1\u0159e ombudsmana a \u0159editel\u016f top firem.<br \/>\nZ\u00e1vodu se z\u00fa\u010dastnili i t\u0159i kolegov\u00e9 z na\u0161eho call centra, tak jsme se jich zeptali, jak se jim z\u00e1vod l\u00edbil a co si z n\u011bho odnesli.<br \/>\nJako prvn\u00ed odpov\u00eddal n\u00e1\u0161 supervizor Richard, pak mana\u017eerka Lenka a na z\u00e1v\u011br jsme se zeptali oper\u00e1tora Milana. Rozhovory budeme zve\u0159ej\u0148ovat postupn\u011b.<\/p>\n<h3>Richarde, jak jsi se dozv\u011bd\u011bl o z\u00e1vodech Yellow Ribbon Run?<\/h3>\n<p>O maratonu jsem se dozv\u011bd\u011bl v A-Giga d\u00edky jej\u00edmu projektu ,,Zm\u011bna je mo\u017en\u00e1&#8220;. My\u0161lenka toho z\u00e1vodu m\u011b zaujala a tak jsem si zjitsil od koleg\u016f bli\u017e\u0161\u00ed informace.<\/p>\n<h3>Je to tv\u016fj prvn\u00ed z\u00e1vod?<\/h3>\n<p>V lo\u0148sk\u00e9m roce jsem s A-gigou a kolegy b\u011b\u017eel tak\u00e9 Collor Run v Praze, ale z\u00e1vod s takovou zaj\u00edmavou my\u0161lenkou, jakou m\u00e1 Yellow Ribbon Run, byl m\u016fj prvn\u00ed.<\/p>\n<h3>Pro\u010d se \u00fa\u010dastn\u00ed\u0161 Yellow Ribbon Run z\u00e1vodu?<\/h3>\n<p>Proto\u017ee velmi r\u00e1d b\u011bh\u00e1m a k tomu mohu podpo\u0159it dobrou v\u011bc. Je to pro m\u011b p\u0159\u00edjemn\u00fd zp\u016fsob, jak mohu spojit p\u0159\u00edjemn\u00e9 s u\u017eite\u010dn\u00fdm.<\/p>\n<h3>Co je tvou motivac\u00ed v \u00fa\u010dasti v z\u00e1vodu Yellow Ribbon Run?<\/h3>\n<p>B\u011bh je pro mne srde\u010dn\u00ed z\u00e1le\u017eitost. Intenzivn\u011b b\u011bh\u00e1m u\u017e t\u0159et\u00edm rokem a to minim\u00e1ln\u011b 2x t\u00fddn\u011b na hodinu. R\u00e1d tedy vyu\u017eiji p\u0159\u00edle\u017eitosti si zab\u011bhat v takov\u00e9m z\u00e1vod\u011b.<\/p>\n<h3>Stala se ti p\u0159i tr\u00e9ninku n\u011bjak\u00e1 vesel\u00e1 p\u0159\u00edhoda?<\/h3>\n<p>Jednou m\u011b p\u0159i b\u011bhu lesem p\u0159ekvapil divo\u010d\u00e1k. Chvilku se na m\u011b d\u00edval a potom utekl.<\/p>\n<h3>Jak se p\u0159ipravuje\u0161 na z\u00e1vod?<\/h3>\n<p>Nep\u0159ipravuji se nijak v\u00fdjime\u010dn\u011b, pouze se udr\u017euji v kondici tr\u00e9ninkem, kter\u00fd pro m\u011b u\u017e nen\u00ed nucen\u00fdm, ale sou\u010d\u00e1st\u00ed \u017eivota.<\/p>\n<h3>Co pro tebe znamen\u00e1\/symbolizuje Yellow Ribbon Run?<\/h3>\n<p>Novou \u0161anci pro ty, kte\u0159\u00ed si ji zaslou\u017e\u00ed.<\/p>\n<h3>Co bys vzk\u00e1zal ostatn\u00edm b\u011b\u017ec\u016fm a n\u00e1v\u0161t\u011bvn\u00edk\u016fm z\u00e1vodu?<\/h3>\n<p>B\u011bhu a svobod\u011b zdar!<\/p>\n<\/div><\/div><\/div>","protected":false},"excerpt":{"rendered":"<p>Richard v p\u0159\u00edprav\u011b na Yellow Ribbon Run Yellow ribbon run aneb B\u011bh se \u017elutou stu\u017ekou poukazuje na probl\u00e9m obt\u00ed\u017en\u00e9 zam\u011bstnatelnosti osob po v\u00fdkonu trestu odn\u011bt\u00ed svobody. Projekt Yellow Ribbon Run pom\u00e1h\u00e1 bo\u0159it p\u0159edsudky a upozor\u0148uje na problematiku zam\u011bstn\u00e1v\u00e1n\u00ed b\u00fdval\u00fdch v\u011bz\u0148\u016f. V lo\u0148sk\u00e9m roce se Yellow Ribbon Run b\u011b\u017eel v \u010cR v\u016fbec poprv\u00e9 v r\u00e1mci Volkswagen Maratonu Praha. Na tra\u0165 maratonu vyb\u011bhly netradi\u010dn\u00ed \u0161tafety slo\u017een\u00e9 z v\u011bz\u0148\u016f, b\u00fdval\u00fdch vez\u0148\u016f, p\u0159\u00edslu\u0161n\u00edk\u016f v\u011bze\u0148sk\u00e9 slu\u017eby, z\u00e1stupce kancel\u00e1\u0159e ombudsmana a \u0159editel\u016f top firem. Z\u00e1vodu se z\u00fa\u010dastnili i t\u0159i kolegov\u00e9 z na\u0161eho call centra, tak jsme se jich zeptali, jak se jim z\u00e1vod l\u00edbil a co si z n\u011bho odnesli. Jako prvn\u00ed odpov\u00eddal n\u00e1\u0161 supervizor Richard, pak mana\u017eerka Lenka a na z\u00e1v\u011br jsme se zeptali oper\u00e1tora Milana. Rozhovory budeme zve\u0159ej\u0148ovat postupn\u011b. Richarde, jak jsi se dozv\u011bd\u011bl o z\u00e1vodech Yellow Ribbon Run? O maratonu jsem se dozv\u011bd\u011bl v A-Giga d\u00edky jej\u00edmu projektu ,,Zm\u011bna je mo\u017en\u00e1&#8220;. My\u0161lenka toho z\u00e1vodu m\u011b zaujala a tak jsem si zjitsil od koleg\u016f bli\u017e\u0161\u00ed informace. Je to tv\u016fj prvn\u00ed z\u00e1vod? V lo\u0148sk\u00e9m roce jsem s A-gigou a kolegy b\u011b\u017eel tak\u00e9 Collor Run v Praze, ale z\u00e1vod s takovou zaj\u00edmavou my\u0161lenkou, jakou m\u00e1 Yellow Ribbon Run, byl m\u016fj prvn\u00ed. Pro\u010d se \u00fa\u010dastn\u00ed\u0161 Yellow Ribbon Run z\u00e1vodu? Proto\u017ee velmi r\u00e1d b\u011bh\u00e1m a k tomu mohu podpo\u0159it dobrou v\u011bc. Je to pro m\u011b p\u0159\u00edjemn\u00fd zp\u016fsob, jak mohu spojit p\u0159\u00edjemn\u00e9 s u\u017eite\u010dn\u00fdm. Co je tvou motivac\u00ed v \u00fa\u010dasti v z\u00e1vodu Yellow Ribbon Run? B\u011bh je pro mne srde\u010dn\u00ed z\u00e1le\u017eitost. Intenzivn\u011b b\u011bh\u00e1m u\u017e t\u0159et\u00edm rokem a to minim\u00e1ln\u011b 2x t\u00fddn\u011b na hodinu. R\u00e1d tedy vyu\u017eiji p\u0159\u00edle\u017eitosti si zab\u011bhat v takov\u00e9m z\u00e1vod\u011b. Stala se ti p\u0159i tr\u00e9ninku n\u011bjak\u00e1 vesel\u00e1 p\u0159\u00edhoda? Jednou m\u011b p\u0159i b\u011bhu lesem p\u0159ekvapil divo\u010d\u00e1k. Chvilku se na m\u011b d\u00edval a potom utekl. Jak se p\u0159ipravuje\u0161 na z\u00e1vod? Nep\u0159ipravuji se nijak v\u00fdjime\u010dn\u011b, pouze se udr\u017euji v kondici tr\u00e9ninkem, kter\u00fd pro m\u011b u\u017e nen\u00ed nucen\u00fdm, ale sou\u010d\u00e1st\u00ed \u017eivota. Co pro tebe znamen\u00e1\/symbolizuje Yellow Ribbon Run? Novou \u0161anci pro ty, kte\u0159\u00ed si ji zaslou\u017e\u00ed. Co bys vzk\u00e1zal ostatn\u00edm b\u011b\u017ec\u016fm a n\u00e1v\u0161t\u011bvn\u00edk\u016fm z\u00e1vodu? B\u011bhu a svobod\u011b zdar!<\/p>\n","protected":false},"author":1,"featured_media":0,"parent":0,"menu_order":0,"comment_status":"closed","ping_status":"open","template":"","meta":{"footnotes":""},"class_list":["post-2250","page","type-page","status-publish","hentry"],"_links":{"self":[{"href":"http:\/\/www.a-giga.cz\/index.php?rest_route=\/wp\/v2\/pages\/2250","targetHints":{"allow":["GET"]}}],"collection":[{"href":"http:\/\/www.a-giga.cz\/index.php?rest_route=\/wp\/v2\/pages"}],"about":[{"href":"http:\/\/www.a-giga.cz\/index.php?rest_route=\/wp\/v2\/types\/page"}],"author":[{"embeddable":true,"href":"http:\/\/www.a-giga.cz\/index.php?rest_route=\/wp\/v2\/users\/1"}],"replies":[{"embeddable":true,"href":"http:\/\/www.a-giga.cz\/index.php?rest_route=%2Fwp%2Fv2%2Fcomments&post=2250"}],"version-history":[{"count":16,"href":"http:\/\/www.a-giga.cz\/index.php?rest_route=\/wp\/v2\/pages\/2250\/revisions"}],"predecessor-version":[{"id":2291,"href":"http:\/\/www.a-giga.cz\/index.php?rest_route=\/wp\/v2\/pages\/2250\/revisions\/2291"}],"wp:attachment":[{"href":"http:\/\/www.a-giga.cz\/index.php?rest_route=%2Fwp%2Fv2%2Fmedia&parent=2250"}],"curies":[{"name":"wp","href":"https:\/\/api.w.org\/{rel}","templated":true}]}}