{"id":2205,"date":"2016-09-11T11:01:19","date_gmt":"2016-09-11T10:01:19","guid":{"rendered":"http:\/\/www.a-giga.cz\/?page_id=2205"},"modified":"2016-09-11T11:05:53","modified_gmt":"2016-09-11T10:05:53","slug":"tiskova-zprava","status":"publish","type":"page","link":"http:\/\/www.a-giga.cz\/?page_id=2205","title":{"rendered":"TISKOV\u00c1 ZPR\u00c1VA"},"content":{"rendered":"<div class=\"l-subsection\"><div class=\"l-subsection-h\"><div class=\"l-subsection-hh g-html i-cf\"><p>&nbsp;<\/p>\n<p><a ref=\"magnificPopup\" href=\"http:\/\/www.a-giga.cz\/wp-content\/uploads\/2016\/09\/Obrazek1.png\"><img loading=\"lazy\" decoding=\"async\" class=\"size-full wp-image-2211 aligncenter\" alt=\"obrazek1\" src=\"http:\/\/www.a-giga.cz\/wp-content\/uploads\/2016\/09\/Obrazek1.png\" width=\"700\" height=\"113\" srcset=\"http:\/\/www.a-giga.cz\/wp-content\/uploads\/2016\/09\/Obrazek1.png 700w, http:\/\/www.a-giga.cz\/wp-content\/uploads\/2016\/09\/Obrazek1-300x48.png 300w, http:\/\/www.a-giga.cz\/wp-content\/uploads\/2016\/09\/Obrazek1-200x32.png 200w\" sizes=\"auto, (max-width: 700px) 100vw, 700px\" \/><\/a><\/p>\n<p><b>TISKOV\u00c1 ZPR\u00c1VA<\/b><\/p>\n<p>Praha, 29. srpna 2016<\/p>\n<p><b>Projekt zam\u011bstn\u00e1v\u00e1n\u00ed odsouzen\u00fdch v\u00a0call centru startuje<\/b><\/p>\n<ul>\n<li>Dal\u0161\u00ed krok, kter\u00fd pom\u016f\u017ee zv\u00fd\u0161it zam\u011bstnanost odsouzen\u00fdch<\/li>\n<li>Osvojen\u00ed a prohlouben\u00ed pracovn\u00edch n\u00e1vyk\u016f m\u016f\u017ee pomoci integraci a vyhnout se dal\u0161\u00edmu p\u00e1ch\u00e1n\u00ed trestn\u00e9 \u010dinnosti<\/li>\n<li>St\u00e1tn\u00ed spr\u00e1va z\u00edsk\u00e1 v\u00a0r\u00e1mci projektu data pro dal\u0161\u00ed iniciativy<\/li>\n<\/ul>\n<p>V\u011bze\u0148sk\u00e1 slu\u017eba \u010cR se spole\u010dnost\u00ed A-Giga za podpory Ministerstva spravedlnosti, Ministerstva pr\u00e1ce a soci\u00e1ln\u00edch v\u011bc\u00ed, a spole\u010dnosti T-Mobile spou\u0161t\u00ed nov\u00fd CSR projekt zam\u011bstn\u00e1v\u00e1n\u00ed odsouzen\u00fdch ve V\u011bznici Vina\u0159ice. Jde o nov\u011b vybudovan\u00e9 call centrum p\u0159\u00edmo v\u00a0n\u00e1pravn\u00e9m za\u0159\u00edzen\u00ed. Recidiva odsouzen\u00fdch zapojen\u00fdch do p\u016fvodn\u00edho projektu (z roku 2012) \u010din\u00ed 18 procent oproti bezm\u00e1la 70 % celost\u00e1tn\u00edho pr\u016fm\u011bru. Tuto soci\u00e1ln\u00ed inovaci podporuje rovn\u011b\u017e Evropsk\u00fd soci\u00e1ln\u00ed fond.<\/p>\n<p>Podle ministra spravedlnosti Roberta Pelik\u00e1na jde o dal\u0161\u00ed z\u00a0pl\u00e1novan\u00fdch krok\u016f, kter\u00e9 mohou pomoci zv\u00fd\u0161it zam\u011bstnanost odsouzen\u00fdch, a to p\u0159\u00edmo ve v\u011bznici. \u201eZam\u011bstn\u00e1v\u00e1n\u00ed odsouzen\u00fdch je mou velkou prioritou. Ze zahrani\u010dn\u00edch zku\u0161enost\u00ed v\u00edme, \u017ee spr\u00e1vn\u00e9 pracovn\u00ed n\u00e1vyky jsou jednou<br \/>\nz hlavn\u00edch zbran\u00ed proti recidiv\u011b odsouzen\u00fdch. Mou snahou proto je, aby pracovali v\u0161ichni odsouzen\u00ed, kte\u0159\u00ed pracovat mohou. Projekt call centra je dal\u0161\u00edm krokem, kter\u00fd n\u00e1m pom\u016f\u017ee se k tomuto c\u00edli p\u0159ibl\u00ed\u017eit,\u201c uvedl Robert Pelik\u00e1n.<\/p>\n<p>St\u00e1t vyd\u00e1 ro\u010dn\u011b na spr\u00e1vu v\u011bze\u0148stv\u00ed dev\u011bt miliard korun, p\u0159i\u010dem\u017e n\u00e1klady na jednoho v\u011bzn\u011b se m\u011bs\u00ed\u010dn\u011b pohybuj\u00ed v \u0159\u00e1dech n\u011bkolika des\u00edtek tis\u00edc. Odsouzen\u00ed zapojen\u00ed do t\u00e9to iniciativy maj\u00ed pracovn\u00ed smlouvu p\u0159\u00edmo s v\u011bznic\u00ed, odm\u011bna je d\u00e1na z\u00e1konem. Plat\u00ed tak dluhy, n\u00e1klady na pobyt ve v\u00fdkonu trestu a p\u0159\u00edpadn\u011b mohou i podporovat sv\u00e9 rodiny. N\u00e1m\u011bstek MPSV Martin Ku\u010dera v\u00a0projektu <i>Zm\u011bna je mo\u017en\u00e1 \u2013 chci zm\u011bnu<\/i> vid\u00ed mo\u017enost komplexn\u00edho otestov\u00e1n\u00ed nov\u00e9ho n\u00e1stroje, kter\u00fd sn\u00ed\u017e\u00ed recidivu v\u011bz\u0148\u016f a mo\u017enost z\u00edsk\u00e1n\u00ed validn\u00edch dat, kter\u00e1 zohledn\u00ed u dal\u0161\u00edch projekt\u016f t\u00fdkaj\u00edc\u00edch se t\u00e9to skupiny.<\/p>\n<p>\u201eProjekt call centra ve V\u011bznici Vina\u0159ice m\u00e1 na\u0161i velkou podporu. Je to dal\u0161\u00ed z krok\u016f v napl\u0148ov\u00e1n\u00ed nov\u00e9 koncepce v\u011bze\u0148stv\u00ed do roku 2025 pr\u00e1v\u011b v oblasti zam\u011bstn\u00e1v\u00e1n\u00ed odsouzen\u00fdch, kter\u00e1 je velmi d\u016fle\u017eit\u00e1. Jejich pracovn\u00ed \u010dinnost\u00ed se napl\u0148uje \u00fa\u010del v\u00fdkonu trestu a pr\u00e1ce jim pom\u00e1h\u00e1 nach\u00e1zet smysl jejich pobytu ve v\u011bzen\u00ed. D\u00edky pr\u00e1ci si odsouzen\u00ed osvojuj\u00ed \u010di prohlubuj\u00ed pracovn\u00ed n\u00e1vyky, kter\u00e9 jim po propu\u0161t\u011bn\u00ed do civiln\u00edho \u017eivota pomohou naj\u00edt pr\u00e1ci, zapojit se do plnohodnotn\u00e9ho \u017eivota a vyhnout se tak dal\u0161\u00edmu p\u00e1ch\u00e1n\u00ed trestn\u00e9 \u010dinnosti,\u201c uvedl gener\u00e1ln\u00ed \u0159editel V\u011bze\u0148sk\u00e9 slu\u017eby Petr Dohnal.<\/p>\n<p>\u201eJako inovativn\u00ed a spole\u010densky zodpov\u011bdn\u00e1 firma oce\u0148ujeme spole\u010densk\u00fd p\u0159\u00ednos t\u00e9to aktivity. V\u011b\u0159\u00edme, \u017ee tato soci\u00e1ln\u00ed inovace, n\u00e1s za\u0159ad\u00ed po bok vysp\u011bl\u00fdch, modern\u00edch zem\u00ed, kde je zam\u011bstn\u00e1v\u00e1n\u00ed odsouzen\u00fdch zcela b\u011b\u017en\u00e9,\u201c uv\u00e1d\u00ed Milan Va\u0161ina, gener\u00e1ln\u00ed \u0159editel T-Mobile Czech Republic a Slovak Telekom, a dod\u00e1v\u00e1: \u201eZa smyslupln\u00fdm projektem stoj\u00ed n\u00e1\u0161 dlouhodob\u00fd osv\u011bd\u010den\u00fd partner, spole\u010dnost A-Giga. O p\u0159\u00ednosu a v\u00fdjime\u010dnosti projektu mluv\u00ed tak\u00e9 to, \u017ee aktivity A-Giga v\u00a0t\u00e9to oblasti ocenila rakousk\u00e1 nadace Unruhe ud\u011blen\u00edm presti\u017en\u00edho ocen\u011bn\u00ed SozialMarie, nejstar\u0161\u00ed evropsk\u00e9 ceny za soci\u00e1ln\u00ed inovace.\u201c<\/p>\n<p>Projekt, za n\u00edm\u017e stoj\u00ed Ministerstvo pr\u00e1ce a soci\u00e1ln\u00edch v\u011bc\u00ed a Ministerstvo spravedlnosti \u010cesk\u00e9 republiky, startuje tak\u00e9 pod z\u00e1\u0161titou Evropsk\u00e9ho soci\u00e1ln\u00edho fondu,<\/p>\n<p>Cel\u00fd projekt bude velice n\u00e1ro\u010dn\u00fd. Nejde jen o meziresortn\u00ed spolupr\u00e1ci, ale i n\u00e1ro\u010dnost z\u00edsk\u00e1n\u00ed samotn\u00fdch pracovn\u00edk\u016f. Jak uvedla jednatelka spole\u010dnosti A-Giga, V\u011bra Babi\u0161ov\u00e1: \u201ePracuj\u00edc\u00ed odsouzen\u00ed mus\u00ed \u00fasp\u011b\u0161n\u011b absolvovat rekvalifika\u010dn\u00ed kurz akreditovan\u00fd M\u0160MT pro pracovn\u00ed \u010dinnost Oper\u00e1tor call centra.\u00a0 V pr\u016fb\u011bhu 2 let trv\u00e1n\u00ed projektu projde p\u0159edv\u00fdb\u011brem 400 osob, p\u0159i\u010dem\u017e do projektu bude nakonec po dal\u0161\u00edch odborn\u00fdch konzultac\u00edch a \u00fasp\u011b\u0161n\u00e9m dokon\u010den\u00ed rekvalifika\u010dn\u00edho kurzu za\u0159azeno cca 90 osob.\u201c Vhodnost za\u0159azen\u00ed posuzuje odborn\u00e1 komise V\u011bznice Vina\u0159ice, slo\u017een\u00e1 z kvalifikovan\u00fdch zam\u011bstnanc\u016f (vedouc\u00ed v\u00fdkonu trestu, l\u00e9ka\u0159, psycholog, speci\u00e1ln\u00ed pedagog, soci\u00e1ln\u00ed pracovnice, ostraha, prevence, ekonomick\u00e9 a spr\u00e1vn\u00ed odd\u011blen\u00ed).<\/p>\n<p>Iniciativu z pozice odborn\u00e9ho garanta hodnot\u00ed kladn\u011b i docentka Anna Kade\u0159\u00e1bkov\u00e1 z Centra inova\u010dn\u00edch studi\u00ed V\u0160EM, kter\u00e1 poukazuje na mo\u017enost \u0159e\u0161en\u00ed spole\u010densk\u00e9ho probl\u00e9mu extr\u00e9mn\u011b vysok\u00e9 recidivy v\u00a0\u010cesku: &#8222;Pokusy o soci\u00e1ln\u00ed inovace jsou zaj\u00edmav\u00e9 lidsk\u00e9 p\u0159\u00edb\u011bhy, z nich\u017e ov\u0161em v\u011bt\u0161ina je ne\u00fasp\u011b\u0161n\u00e1, proto\u017ee nar\u00e1\u017e\u00ed na odpor, nepochopen\u00ed, nez\u00e1jem, strach ze zm\u011bny a dal\u0161\u00ed omezen\u00ed. Tento projekt je unik\u00e1tn\u00ed v evropsk\u00e9m kontextu, jde o inovaci zdola, zalo\u017eenou na iniciativ\u011b soukrom\u00e9ho sektoru pro \u0159e\u0161en\u00ed spole\u010densk\u00e9ho probl\u00e9mu = p\u0159\u00edklad inova\u010dn\u00ed soci\u00e1ln\u00ed byznys strategie.\u201c<\/p>\n<p><b>\u00a0<\/b><\/p>\n<p><b>KONTAKTY PRO NOVIN\u00c1\u0158E<\/b><b>\u00a0<\/b><\/p>\n<p>V\u011bze\u0148sk\u00e1 slu\u017eba \u010cR<\/p>\n<p>Gener\u00e1ln\u00ed \u0159editelstv\u00ed<\/p>\n<p>Tiskov\u00e1 mluv\u010d\u00ed<\/p>\n<p>Petra Ku\u010derov\u00e1<\/p>\n<p>Soudn\u00ed 1672\/1a<\/p>\n<p>140 67 Praha 4<\/p>\n<p>e-mail: pkucerova@grvs.justice.cz<\/p>\n<p>mobil:\u00a0 608 110 043<\/p>\n<p>&nbsp;<\/p>\n<p>Ministerstvo spravedlnosti \u010cR<\/p>\n<p>tiskov\u00e1 mluv\u010d\u00ed<\/p>\n<p>Mgr. Tereza Schejbalov\u00e1<\/p>\n<p>Ministerstvo spravedlnosti \u010cR<\/p>\n<p>Vy\u0161ehradsk\u00e1 16, 128 10 Praha 2<\/p>\n<p>tel.:\u00a0\u00a0\u00a0\u00a0\u00a0\u00a0 +420 221 997 254<\/p>\n<p>fax:\u00a0 \u00a0\u00a0\u00a0\u00a0\u00a0+420 221 997 495<\/p>\n<p>mobil:\u00a0\u00a0 +420 602 643 275<\/p>\n<p>e-mail:\u00a0 tschejbalova@msp.justice.cz<\/p>\n<p><a href=\"http:\/\/www.justice.cz\">www.justice.cz<\/a><\/p>\n<p>&nbsp;<\/p>\n<p>A &#8211; GIGA s.r.o.<\/p>\n<p>Ing.V\u011bra Babi\u0161ov\u00e1<\/p>\n<p>Ibsenova 5,\u00a0 120 00\u00a0 Praha 2<\/p>\n<p>Tel.: 224 250 812<\/p>\n<p>GSM: 603 50 60 50<\/p>\n<p>Fax: 224 257 101<\/p>\n<p>e-mail: vera.babisova@giga.cz<\/p>\n<p>www.a-giga.cz<\/p>\n<p>&nbsp;<\/p>\n<p>Centrum inova\u010dn\u00edch studi\u00ed V\u0160EM<\/p>\n<p>\u010dlenka poroty SozialMarie<\/p>\n<p>doc. Anna Kade\u0159\u00e1bkov\u00e1<\/p>\n<p>Mail: <a href=\"mailto:kaderabkova@inovacevsem.cz\">kaderabkova@inovacevsem.cz<\/a><\/p>\n<p>&nbsp;<\/p>\n<p>T-Mobile Czech Republic a.s.<\/p>\n<p>Martina Kemrov\u00e1<\/p>\n<p>Mana\u017eerka firemn\u00ed komunikace<\/p>\n<p>martina.kemrova@t-mobile.cz<\/p>\n<p>Tel.: +420 603 \u00a0400 150<\/p>\n<\/div><\/div><\/div>","protected":false},"excerpt":{"rendered":"<p>&nbsp; TISKOV\u00c1 ZPR\u00c1VA Praha, 29. srpna 2016 Projekt zam\u011bstn\u00e1v\u00e1n\u00ed odsouzen\u00fdch v\u00a0call centru startuje Dal\u0161\u00ed krok, kter\u00fd pom\u016f\u017ee zv\u00fd\u0161it zam\u011bstnanost odsouzen\u00fdch Osvojen\u00ed a prohlouben\u00ed pracovn\u00edch n\u00e1vyk\u016f m\u016f\u017ee pomoci integraci a vyhnout se dal\u0161\u00edmu p\u00e1ch\u00e1n\u00ed trestn\u00e9 \u010dinnosti St\u00e1tn\u00ed spr\u00e1va z\u00edsk\u00e1 v\u00a0r\u00e1mci projektu data pro dal\u0161\u00ed iniciativy V\u011bze\u0148sk\u00e1 slu\u017eba \u010cR se spole\u010dnost\u00ed A-Giga za podpory Ministerstva spravedlnosti, Ministerstva pr\u00e1ce a soci\u00e1ln\u00edch v\u011bc\u00ed, a spole\u010dnosti T-Mobile spou\u0161t\u00ed nov\u00fd CSR projekt zam\u011bstn\u00e1v\u00e1n\u00ed odsouzen\u00fdch ve V\u011bznici Vina\u0159ice. Jde o nov\u011b vybudovan\u00e9 call centrum p\u0159\u00edmo v\u00a0n\u00e1pravn\u00e9m za\u0159\u00edzen\u00ed. Recidiva odsouzen\u00fdch zapojen\u00fdch do p\u016fvodn\u00edho projektu (z roku 2012) \u010din\u00ed 18 procent oproti bezm\u00e1la 70 % celost\u00e1tn\u00edho pr\u016fm\u011bru. Tuto soci\u00e1ln\u00ed inovaci podporuje rovn\u011b\u017e Evropsk\u00fd soci\u00e1ln\u00ed fond. Podle ministra spravedlnosti Roberta Pelik\u00e1na jde o dal\u0161\u00ed z\u00a0pl\u00e1novan\u00fdch krok\u016f, kter\u00e9 mohou pomoci zv\u00fd\u0161it zam\u011bstnanost odsouzen\u00fdch, a to p\u0159\u00edmo ve v\u011bznici. \u201eZam\u011bstn\u00e1v\u00e1n\u00ed odsouzen\u00fdch je mou velkou prioritou. Ze zahrani\u010dn\u00edch zku\u0161enost\u00ed v\u00edme, \u017ee spr\u00e1vn\u00e9 pracovn\u00ed n\u00e1vyky jsou jednou z hlavn\u00edch zbran\u00ed proti recidiv\u011b odsouzen\u00fdch. Mou snahou proto je, aby pracovali v\u0161ichni odsouzen\u00ed, kte\u0159\u00ed pracovat mohou. Projekt call centra je dal\u0161\u00edm krokem, kter\u00fd n\u00e1m pom\u016f\u017ee se k tomuto c\u00edli p\u0159ibl\u00ed\u017eit,\u201c uvedl Robert Pelik\u00e1n. St\u00e1t vyd\u00e1 ro\u010dn\u011b na spr\u00e1vu v\u011bze\u0148stv\u00ed dev\u011bt miliard korun, p\u0159i\u010dem\u017e n\u00e1klady na jednoho v\u011bzn\u011b se m\u011bs\u00ed\u010dn\u011b pohybuj\u00ed v \u0159\u00e1dech n\u011bkolika des\u00edtek tis\u00edc. Odsouzen\u00ed zapojen\u00ed do t\u00e9to iniciativy maj\u00ed pracovn\u00ed smlouvu p\u0159\u00edmo s v\u011bznic\u00ed, odm\u011bna je d\u00e1na z\u00e1konem. Plat\u00ed tak dluhy, n\u00e1klady na pobyt ve v\u00fdkonu trestu a p\u0159\u00edpadn\u011b mohou i podporovat sv\u00e9 rodiny. N\u00e1m\u011bstek MPSV Martin Ku\u010dera v\u00a0projektu Zm\u011bna je mo\u017en\u00e1 \u2013 chci zm\u011bnu vid\u00ed mo\u017enost komplexn\u00edho otestov\u00e1n\u00ed nov\u00e9ho n\u00e1stroje, kter\u00fd sn\u00ed\u017e\u00ed recidivu v\u011bz\u0148\u016f a mo\u017enost z\u00edsk\u00e1n\u00ed validn\u00edch dat, kter\u00e1 zohledn\u00ed u dal\u0161\u00edch projekt\u016f t\u00fdkaj\u00edc\u00edch se t\u00e9to skupiny. \u201eProjekt call centra ve V\u011bznici Vina\u0159ice m\u00e1 na\u0161i velkou podporu. Je to dal\u0161\u00ed z krok\u016f v napl\u0148ov\u00e1n\u00ed nov\u00e9 koncepce v\u011bze\u0148stv\u00ed do roku 2025 pr\u00e1v\u011b v oblasti zam\u011bstn\u00e1v\u00e1n\u00ed odsouzen\u00fdch, kter\u00e1 je velmi d\u016fle\u017eit\u00e1. Jejich pracovn\u00ed \u010dinnost\u00ed se napl\u0148uje \u00fa\u010del v\u00fdkonu trestu a pr\u00e1ce jim pom\u00e1h\u00e1 nach\u00e1zet smysl jejich pobytu ve v\u011bzen\u00ed. D\u00edky pr\u00e1ci si odsouzen\u00ed osvojuj\u00ed \u010di prohlubuj\u00ed pracovn\u00ed n\u00e1vyky, kter\u00e9 jim po propu\u0161t\u011bn\u00ed do civiln\u00edho \u017eivota pomohou naj\u00edt pr\u00e1ci, zapojit se do plnohodnotn\u00e9ho \u017eivota a vyhnout se tak dal\u0161\u00edmu p\u00e1ch\u00e1n\u00ed trestn\u00e9 \u010dinnosti,\u201c uvedl gener\u00e1ln\u00ed \u0159editel V\u011bze\u0148sk\u00e9 slu\u017eby Petr Dohnal. \u201eJako inovativn\u00ed a spole\u010densky zodpov\u011bdn\u00e1 firma oce\u0148ujeme spole\u010densk\u00fd p\u0159\u00ednos t\u00e9to aktivity. V\u011b\u0159\u00edme, \u017ee tato soci\u00e1ln\u00ed inovace, n\u00e1s za\u0159ad\u00ed po bok vysp\u011bl\u00fdch, modern\u00edch zem\u00ed, kde je zam\u011bstn\u00e1v\u00e1n\u00ed odsouzen\u00fdch zcela b\u011b\u017en\u00e9,\u201c uv\u00e1d\u00ed Milan Va\u0161ina, gener\u00e1ln\u00ed \u0159editel T-Mobile Czech Republic a Slovak Telekom, a dod\u00e1v\u00e1: \u201eZa smyslupln\u00fdm projektem stoj\u00ed n\u00e1\u0161 dlouhodob\u00fd osv\u011bd\u010den\u00fd partner, spole\u010dnost A-Giga. O p\u0159\u00ednosu a v\u00fdjime\u010dnosti projektu mluv\u00ed tak\u00e9 to, \u017ee aktivity A-Giga v\u00a0t\u00e9to oblasti ocenila rakousk\u00e1 nadace Unruhe ud\u011blen\u00edm presti\u017en\u00edho ocen\u011bn\u00ed SozialMarie, nejstar\u0161\u00ed evropsk\u00e9 ceny za soci\u00e1ln\u00ed inovace.\u201c Projekt, za n\u00edm\u017e stoj\u00ed Ministerstvo pr\u00e1ce a soci\u00e1ln\u00edch v\u011bc\u00ed a Ministerstvo spravedlnosti \u010cesk\u00e9 republiky, startuje tak\u00e9 pod z\u00e1\u0161titou Evropsk\u00e9ho soci\u00e1ln\u00edho fondu, Cel\u00fd projekt bude velice n\u00e1ro\u010dn\u00fd. Nejde jen o meziresortn\u00ed spolupr\u00e1ci, ale i n\u00e1ro\u010dnost z\u00edsk\u00e1n\u00ed samotn\u00fdch pracovn\u00edk\u016f. Jak uvedla jednatelka spole\u010dnosti A-Giga, V\u011bra Babi\u0161ov\u00e1: \u201ePracuj\u00edc\u00ed odsouzen\u00ed mus\u00ed \u00fasp\u011b\u0161n\u011b absolvovat rekvalifika\u010dn\u00ed kurz akreditovan\u00fd M\u0160MT pro pracovn\u00ed \u010dinnost Oper\u00e1tor call centra.\u00a0 V pr\u016fb\u011bhu 2 let trv\u00e1n\u00ed projektu projde p\u0159edv\u00fdb\u011brem 400 osob, p\u0159i\u010dem\u017e do projektu bude nakonec po dal\u0161\u00edch odborn\u00fdch konzultac\u00edch a \u00fasp\u011b\u0161n\u00e9m dokon\u010den\u00ed rekvalifika\u010dn\u00edho kurzu za\u0159azeno cca 90 osob.\u201c Vhodnost za\u0159azen\u00ed posuzuje odborn\u00e1 komise V\u011bznice Vina\u0159ice, slo\u017een\u00e1 z kvalifikovan\u00fdch zam\u011bstnanc\u016f (vedouc\u00ed v\u00fdkonu trestu, l\u00e9ka\u0159, psycholog, speci\u00e1ln\u00ed pedagog, soci\u00e1ln\u00ed pracovnice, ostraha, prevence, ekonomick\u00e9 a spr\u00e1vn\u00ed odd\u011blen\u00ed). Iniciativu z pozice odborn\u00e9ho garanta hodnot\u00ed kladn\u011b i docentka Anna Kade\u0159\u00e1bkov\u00e1 z Centra inova\u010dn\u00edch studi\u00ed V\u0160EM, kter\u00e1 poukazuje na mo\u017enost \u0159e\u0161en\u00ed spole\u010densk\u00e9ho probl\u00e9mu extr\u00e9mn\u011b vysok\u00e9 recidivy v\u00a0\u010cesku: &#8222;Pokusy o soci\u00e1ln\u00ed inovace jsou zaj\u00edmav\u00e9 lidsk\u00e9 p\u0159\u00edb\u011bhy, z nich\u017e ov\u0161em v\u011bt\u0161ina je ne\u00fasp\u011b\u0161n\u00e1, proto\u017ee nar\u00e1\u017e\u00ed na odpor, nepochopen\u00ed, nez\u00e1jem, strach ze zm\u011bny a dal\u0161\u00ed omezen\u00ed. Tento projekt je unik\u00e1tn\u00ed v evropsk\u00e9m kontextu, jde o inovaci zdola, zalo\u017eenou na iniciativ\u011b soukrom\u00e9ho sektoru pro \u0159e\u0161en\u00ed spole\u010densk\u00e9ho probl\u00e9mu = p\u0159\u00edklad inova\u010dn\u00ed soci\u00e1ln\u00ed byznys strategie.\u201c \u00a0 KONTAKTY PRO NOVIN\u00c1\u0158E\u00a0 V\u011bze\u0148sk\u00e1 slu\u017eba \u010cR Gener\u00e1ln\u00ed \u0159editelstv\u00ed Tiskov\u00e1 mluv\u010d\u00ed Petra Ku\u010derov\u00e1 Soudn\u00ed 1672\/1a 140 67 Praha 4 e-mail: pkucerova@grvs.justice.cz mobil:\u00a0 608 110 043 &nbsp; Ministerstvo spravedlnosti \u010cR tiskov\u00e1 mluv\u010d\u00ed Mgr. Tereza Schejbalov\u00e1 Ministerstvo spravedlnosti \u010cR Vy\u0161ehradsk\u00e1 16, 128 10 Praha 2 tel.:\u00a0\u00a0\u00a0\u00a0\u00a0\u00a0 +420 221 997 254 fax:\u00a0 \u00a0\u00a0\u00a0\u00a0\u00a0+420 221 997 495 mobil:\u00a0\u00a0 +420 602 643 275 e-mail:\u00a0 tschejbalova@msp.justice.cz www.justice.cz &nbsp; A &#8211; GIGA s.r.o. Ing.V\u011bra Babi\u0161ov\u00e1 Ibsenova 5,\u00a0 120 00\u00a0 Praha 2 Tel.: 224 250 812 GSM: 603 50 60 50 Fax: 224 257 101 e-mail: vera.babisova@giga.cz www.a-giga.cz &nbsp; Centrum inova\u010dn\u00edch studi\u00ed V\u0160EM \u010dlenka poroty SozialMarie doc. Anna Kade\u0159\u00e1bkov\u00e1 Mail: kaderabkova@inovacevsem.cz &nbsp; T-Mobile Czech Republic a.s. Martina Kemrov\u00e1 Mana\u017eerka firemn\u00ed komunikace martina.kemrova@t-mobile.cz Tel.: +420 603 \u00a0400 150<\/p>\n","protected":false},"author":1,"featured_media":0,"parent":0,"menu_order":0,"comment_status":"closed","ping_status":"open","template":"","meta":{"footnotes":""},"class_list":["post-2205","page","type-page","status-publish","hentry"],"_links":{"self":[{"href":"http:\/\/www.a-giga.cz\/index.php?rest_route=\/wp\/v2\/pages\/2205","targetHints":{"allow":["GET"]}}],"collection":[{"href":"http:\/\/www.a-giga.cz\/index.php?rest_route=\/wp\/v2\/pages"}],"about":[{"href":"http:\/\/www.a-giga.cz\/index.php?rest_route=\/wp\/v2\/types\/page"}],"author":[{"embeddable":true,"href":"http:\/\/www.a-giga.cz\/index.php?rest_route=\/wp\/v2\/users\/1"}],"replies":[{"embeddable":true,"href":"http:\/\/www.a-giga.cz\/index.php?rest_route=%2Fwp%2Fv2%2Fcomments&post=2205"}],"version-history":[{"count":5,"href":"http:\/\/www.a-giga.cz\/index.php?rest_route=\/wp\/v2\/pages\/2205\/revisions"}],"predecessor-version":[{"id":2207,"href":"http:\/\/www.a-giga.cz\/index.php?rest_route=\/wp\/v2\/pages\/2205\/revisions\/2207"}],"wp:attachment":[{"href":"http:\/\/www.a-giga.cz\/index.php?rest_route=%2Fwp%2Fv2%2Fmedia&parent=2205"}],"curies":[{"name":"wp","href":"https:\/\/api.w.org\/{rel}","templated":true}]}}