{"id":1850,"date":"2014-05-13T06:00:54","date_gmt":"2014-05-13T05:00:54","guid":{"rendered":"http:\/\/www.a-giga.cz\/test\/?page_id=1850"},"modified":"2014-08-04T11:29:10","modified_gmt":"2014-08-04T10:29:10","slug":"prodejny","status":"publish","type":"page","link":"http:\/\/www.a-giga.cz\/?page_id=1850","title":{"rendered":"Prodejny"},"content":{"rendered":"<div class=\"l-subsection\"><div class=\"l-subsection-h\"><div class=\"l-subsection-hh g-html i-cf\"><h1>Prodejny<\/h1>\n<p><img loading=\"lazy\" decoding=\"async\" style=\"float: right;\" alt=\"kralupy\" src=\"http:\/\/www.a-giga.cz\/wp-content\/uploads\/2014\/05\/kralupy.jpg\" width=\"550\" height=\"213\" \/><\/p>\n<h3>Kralupy nad Vltavou<\/h3>\n<h5>Partnersk\u00e1 prodejna T-Mobile<\/h5>\n<p>A-GIGA s.r.o.,<br \/>\nJungmannova 89<br \/>\nKralupy nad Vltavou 278 01<br \/>\nTel.: 603 398 000<\/p>\n<h5>Otev\u00edrac\u00ed doba:<\/h5>\n<p>Po-P\u00e1: 8.30-12.00 hod. a 13.00 \u2013 16.30 hod<\/p>\n<p>&nbsp;<\/p>\n<h3>Roudnice nad Labem\u00a0\u00a0\u00a0\u00a0 <a ref=\"magnificPopup\" href=\"http:\/\/www.a-giga.cz\/wp-content\/uploads\/2014\/05\/20140804_121908.jpg\"><img loading=\"lazy\" decoding=\"async\" class=\"alignright  wp-image-1891\" alt=\"20140804_121908\" src=\"http:\/\/www.a-giga.cz\/wp-content\/uploads\/2014\/05\/20140804_121908.jpg\" width=\"266\" height=\"193\" \/><\/a><a ref=\"magnificPopup\" href=\"http:\/\/www.a-giga.cz\/wp-content\/uploads\/2014\/05\/20140804_121928.jpg\"><img loading=\"lazy\" decoding=\"async\" class=\"alignright  wp-image-1892\" alt=\"20140804_121928\" src=\"http:\/\/www.a-giga.cz\/wp-content\/uploads\/2014\/05\/20140804_121928.jpg\" width=\"146\" height=\"195\" srcset=\"http:\/\/www.a-giga.cz\/wp-content\/uploads\/2014\/05\/20140804_121928.jpg 2448w, http:\/\/www.a-giga.cz\/wp-content\/uploads\/2014\/05\/20140804_121928-225x300.jpg 225w, http:\/\/www.a-giga.cz\/wp-content\/uploads\/2014\/05\/20140804_121928-768x1024.jpg 768w, http:\/\/www.a-giga.cz\/wp-content\/uploads\/2014\/05\/20140804_121928-105x140.jpg 105w\" sizes=\"auto, (max-width: 146px) 100vw, 146px\" \/><\/a><\/h3>\n<h5>Partnersk\u00e1 prodejna T-Mobile<\/h5>\n<p>A-GIGA s.r.o.,<\/p>\n<p>\u0160pindlerova t\u0159\u00edda 2472<\/p>\n<p>Roudnice nad Labem<\/p>\n<p>41301<\/p>\n<p>Tel.: 604 360 030<\/p>\n<h5>Otev\u00edrac\u00ed doba:<\/h5>\n<p>Po-P\u00e1: 9.00-17.00 hod. a So: 9.00 \u2013 11.00 hod<\/p>\n<\/div><\/div><\/div>","protected":false},"excerpt":{"rendered":"<p>Prodejny Kralupy nad Vltavou Partnersk\u00e1 prodejna T-Mobile A-GIGA s.r.o., Jungmannova 89 Kralupy nad Vltavou 278 01 Tel.: 603 398 000 Otev\u00edrac\u00ed doba: Po-P\u00e1: 8.30-12.00 hod. a 13.00 \u2013 16.30 hod &nbsp; Roudnice nad Labem\u00a0\u00a0\u00a0\u00a0 Partnersk\u00e1 prodejna T-Mobile A-GIGA s.r.o., \u0160pindlerova t\u0159\u00edda 2472 Roudnice nad Labem 41301 Tel.: 604 360 030 Otev\u00edrac\u00ed doba: Po-P\u00e1: 9.00-17.00 hod. a So: 9.00 \u2013 11.00 hod<\/p>\n","protected":false},"author":1,"featured_media":0,"parent":0,"menu_order":0,"comment_status":"closed","ping_status":"open","template":"","meta":{"footnotes":""},"class_list":["post-1850","page","type-page","status-publish","hentry"],"_links":{"self":[{"href":"http:\/\/www.a-giga.cz\/index.php?rest_route=\/wp\/v2\/pages\/1850","targetHints":{"allow":["GET"]}}],"collection":[{"href":"http:\/\/www.a-giga.cz\/index.php?rest_route=\/wp\/v2\/pages"}],"about":[{"href":"http:\/\/www.a-giga.cz\/index.php?rest_route=\/wp\/v2\/types\/page"}],"author":[{"embeddable":true,"href":"http:\/\/www.a-giga.cz\/index.php?rest_route=\/wp\/v2\/users\/1"}],"replies":[{"embeddable":true,"href":"http:\/\/www.a-giga.cz\/index.php?rest_route=%2Fwp%2Fv2%2Fcomments&post=1850"}],"version-history":[{"count":12,"href":"http:\/\/www.a-giga.cz\/index.php?rest_route=\/wp\/v2\/pages\/1850\/revisions"}],"predecessor-version":[{"id":1893,"href":"http:\/\/www.a-giga.cz\/index.php?rest_route=\/wp\/v2\/pages\/1850\/revisions\/1893"}],"wp:attachment":[{"href":"http:\/\/www.a-giga.cz\/index.php?rest_route=%2Fwp%2Fv2%2Fmedia&parent=1850"}],"curies":[{"name":"wp","href":"https:\/\/api.w.org\/{rel}","templated":true}]}}